{"id":48037,"date":"2025-11-28T15:48:04","date_gmt":"2025-11-28T15:48:04","guid":{"rendered":"https:\/\/innovatesummeracademy.com\/?page_id=48037"},"modified":"2026-04-10T07:15:00","modified_gmt":"2026-04-10T07:15:00","slug":"prospektusu-indir","status":"publish","type":"page","link":"https:\/\/innovatesummeracademy.com\/tr\/download-prospectus\/","title":{"rendered":"Prospekt\u00fcs\u00fc \u0130ndirin"},"content":{"rendered":"\t\t<div data-elementor-type=\"wp-page\" data-elementor-id=\"48037\" class=\"elementor elementor-48037\" data-elementor-post-type=\"page\">\n\t\t\t\t<div class=\"elementor-element elementor-element-4522c4e8 body-header-small e-flex e-con-boxed translate-yes e-con e-parent\" data-id=\"4522c4e8\" data-element_type=\"container\" data-e-type=\"container\" data-settings=\"{&quot;background_background&quot;:&quot;classic&quot;}\">\n\t\t\t\t\t<div class=\"e-con-inner\">\n\t\t<div class=\"elementor-element elementor-element-7a33b9c7 e-con-full e-flex translate-yes e-con e-child\" data-id=\"7a33b9c7\" data-element_type=\"container\" data-e-type=\"container\">\n\t\t\t\t<div class=\"elementor-element elementor-element-17c37e3 elementor-widget elementor-widget-heading\" data-id=\"17c37e3\" data-element_type=\"widget\" data-e-type=\"widget\" data-widget_type=\"heading.default\">\n\t\t\t\t<div class=\"elementor-widget-container\">\n\t\t\t\t\t<h1 class=\"elementor-heading-title elementor-size-default\">Download our prospectus<\/h1>\t\t\t\t<\/div>\n\t\t\t\t<\/div>\n\t\t\t\t<\/div>\n\t\t\t\t\t<\/div>\n\t\t\t\t<\/div>\n\t\t<div class=\"elementor-element elementor-element-15348b6 e-flex e-con-boxed translate-yes e-con e-parent\" data-id=\"15348b6\" data-element_type=\"container\" data-e-type=\"container\">\n\t\t\t\t\t<div class=\"e-con-inner\">\n\t\t\t\t<div class=\"elementor-element elementor-element-33e2b28 elementor-widget elementor-widget-text-editor\" data-id=\"33e2b28\" data-element_type=\"widget\" data-e-type=\"widget\" data-widget_type=\"text-editor.default\">\n\t\t\t\t<div class=\"elementor-widget-container\">\n\t\t\t\t\t\t\t\t\t<p>Complete the form below to download our 2026 Innovate Summer Academy prospectus and explore our programmes, learn more about our faculties and lecturers, and discover how we help our students turn their potential into excellence.<\/p>\t\t\t\t\t\t\t\t<\/div>\n\t\t\t\t<\/div>\n\t\t\t\t\t<\/div>\n\t\t\t\t<\/div>\n\t\t<div class=\"elementor-element elementor-element-65a43be2 form-booking e-flex e-con-boxed translate-yes e-con e-parent\" data-id=\"65a43be2\" data-element_type=\"container\" data-e-type=\"container\" data-settings=\"{&quot;background_background&quot;:&quot;classic&quot;}\">\n\t\t\t\t\t<div class=\"e-con-inner\">\n\t\t<div class=\"elementor-element elementor-element-307ba4f6 e-grid e-con-full translate-yes e-con e-child\" data-id=\"307ba4f6\" data-element_type=\"container\" data-e-type=\"container\">\n\t\t\t\t<div class=\"elementor-element elementor-element-467b224 elementor-widget elementor-widget-image\" data-id=\"467b224\" data-element_type=\"widget\" data-e-type=\"widget\" data-widget_type=\"image.default\">\n\t\t\t\t<div class=\"elementor-widget-container\">\n\t\t\t\t\t\t\t\t\t\t\t\t\t\t\t<img fetchpriority=\"high\" decoding=\"async\" width=\"729\" height=\"1024\" src=\"https:\/\/innovatesummeracademy.com\/wp-content\/uploads\/sites\/11\/2025\/11\/Screenshot-2025-11-28-at-15.23.57-729x1024.png\" class=\"attachment-large size-large wp-image-48047\" alt=\"image of prospectus\" srcset=\"https:\/\/innovatesummeracademy.com\/wp-content\/uploads\/sites\/11\/2025\/11\/Screenshot-2025-11-28-at-15.23.57-729x1024.png 729w, https:\/\/innovatesummeracademy.com\/wp-content\/uploads\/sites\/11\/2025\/11\/Screenshot-2025-11-28-at-15.23.57-214x300.png 214w, https:\/\/innovatesummeracademy.com\/wp-content\/uploads\/sites\/11\/2025\/11\/Screenshot-2025-11-28-at-15.23.57-768x1079.png 768w, https:\/\/innovatesummeracademy.com\/wp-content\/uploads\/sites\/11\/2025\/11\/Screenshot-2025-11-28-at-15.23.57-9x12.png 9w, https:\/\/innovatesummeracademy.com\/wp-content\/uploads\/sites\/11\/2025\/11\/Screenshot-2025-11-28-at-15.23.57.png 780w\" sizes=\"(max-width: 729px) 100vw, 729px\" \/>\t\t\t\t\t\t\t\t\t\t\t\t\t\t\t<\/div>\n\t\t\t\t<\/div>\n\t\t\t\t<div class=\"elementor-element elementor-element-377184b elementor-widget elementor-widget-html\" data-id=\"377184b\" data-element_type=\"widget\" data-e-type=\"widget\" data-widget_type=\"html.default\">\n\t\t\t\t<div class=\"elementor-widget-container\">\n\t\t\t\t\t<script charset=\"utf-8\" type=\"text\/javascript\" src=\"\/\/js.hsforms.net\/forms\/embed\/v2.js\"><\/script>\n<script>\n  hbspt.forms.create({\n    portalId: \"6562408\",\n    formId: \"db855f9d-a27b-4d96-9757-d75b2733450b\",\n    region: \"na1\"\n  });\n<\/script>\t\t\t\t<\/div>\n\t\t\t\t<\/div>\n\t\t\t\t<\/div>\n\t\t\t\t\t<\/div>\n\t\t\t\t<\/div>\n\t\t<div class=\"elementor-element elementor-element-56ac3843 cta-banner e-grid e-con-boxed translate-yes e-con e-parent\" data-id=\"56ac3843\" data-element_type=\"container\" data-e-type=\"container\" data-settings=\"{&quot;background_background&quot;:&quot;classic&quot;}\">\n\t\t\t\t\t<div class=\"e-con-inner\">\n\t\t<div class=\"elementor-element elementor-element-42c4cc6f e-con-full shape-layers e-flex translate-yes e-con e-child\" data-id=\"42c4cc6f\" data-element_type=\"container\" data-e-type=\"container\">\n\t\t\t\t<div class=\"elementor-element elementor-element-1f96c280 shape-layer-1 elementor-widget elementor-widget-html\" data-id=\"1f96c280\" data-element_type=\"widget\" data-e-type=\"widget\" data-settings=\"{&quot;motion_fx_motion_fx_scrolling&quot;:&quot;yes&quot;,&quot;motion_fx_translateY_effect&quot;:&quot;yes&quot;,&quot;motion_fx_translateY_direction&quot;:&quot;negative&quot;,&quot;motion_fx_translateY_speed&quot;:{&quot;unit&quot;:&quot;px&quot;,&quot;size&quot;:1,&quot;sizes&quot;:[]},&quot;motion_fx_devices&quot;:[&quot;desktop&quot;],&quot;motion_fx_translateY_affectedRange&quot;:{&quot;unit&quot;:&quot;%&quot;,&quot;size&quot;:&quot;&quot;,&quot;sizes&quot;:{&quot;start&quot;:0,&quot;end&quot;:100}}}\" data-widget_type=\"html.default\">\n\t\t\t\t<div class=\"elementor-widget-container\">\n\t\t\t\t\t<svg width=\"165\" height=\"165\" viewBox=\"0 0 165 165\" fill=\"none\" xmlns=\"http:\/\/www.w3.org\/2000\/svg\">\n<circle cx=\"82.5\" cy=\"82.5\" r=\"82.5\" fill=\"#FF9F3F\"\/>\n<\/svg>\n\t\t\t\t<\/div>\n\t\t\t\t<\/div>\n\t\t\t\t<div class=\"elementor-element elementor-element-77ad921e shape-layer-2 elementor-widget elementor-widget-html\" data-id=\"77ad921e\" data-element_type=\"widget\" data-e-type=\"widget\" data-settings=\"{&quot;motion_fx_motion_fx_scrolling&quot;:&quot;yes&quot;,&quot;motion_fx_translateY_effect&quot;:&quot;yes&quot;,&quot;motion_fx_translateY_speed&quot;:{&quot;unit&quot;:&quot;px&quot;,&quot;size&quot;:2,&quot;sizes&quot;:[]},&quot;motion_fx_devices&quot;:[&quot;desktop&quot;],&quot;motion_fx_translateY_affectedRange&quot;:{&quot;unit&quot;:&quot;%&quot;,&quot;size&quot;:&quot;&quot;,&quot;sizes&quot;:{&quot;start&quot;:0,&quot;end&quot;:100}}}\" data-widget_type=\"html.default\">\n\t\t\t\t<div class=\"elementor-widget-container\">\n\t\t\t\t\t<svg width=\"165\" height=\"296\" viewBox=\"0 0 165 296\" fill=\"none\" xmlns=\"http:\/\/www.w3.org\/2000\/svg\">\n<path d=\"M165 101.003L0 0V201.493L165 296V101.003Z\" fill=\"#F3F1EE\"\/>\n<\/svg>\n\t\t\t\t<\/div>\n\t\t\t\t<\/div>\n\t\t\t\t<\/div>\n\t\t<div class=\"elementor-element elementor-element-fe4b125 e-con-full e-flex translate-yes e-con e-child\" data-id=\"fe4b125\" data-element_type=\"container\" data-e-type=\"container\">\n\t\t<div class=\"elementor-element elementor-element-547565fa e-con-full e-flex translate-yes e-con e-child\" data-id=\"547565fa\" data-element_type=\"container\" data-e-type=\"container\">\n\t\t<div class=\"elementor-element elementor-element-914710 e-con-full e-flex translate-yes e-con e-child\" data-id=\"914710\" data-element_type=\"container\" data-e-type=\"container\">\n\t\t\t\t<div class=\"elementor-element elementor-element-1fb1a081 elementor-widget elementor-widget-heading\" data-id=\"1fb1a081\" data-element_type=\"widget\" data-e-type=\"widget\" data-widget_type=\"heading.default\">\n\t\t\t\t<div class=\"elementor-widget-container\">\n\t\t\t\t\t<h2 class=\"elementor-heading-title elementor-size-default\">Ready to get started?<br>\nGet in touch<\/h2>\t\t\t\t<\/div>\n\t\t\t\t<\/div>\n\t\t\t\t<div class=\"elementor-element elementor-element-39ca998f elementor-widget__width-initial elementor-widget elementor-widget-text-editor\" data-id=\"39ca998f\" data-element_type=\"widget\" data-e-type=\"widget\" data-widget_type=\"text-editor.default\">\n\t\t\t\t<div class=\"elementor-widget-container\">\n\t\t\t\t\t\t\t\t\t<p>Book a call with a member of our faculty or get in touch\u00a0 to find out more about our programmes at Innovate Summer Academy.<\/p>\t\t\t\t\t\t\t\t<\/div>\n\t\t\t\t<\/div>\n\t\t<div class=\"elementor-element elementor-element-64d5920b e-con-full e-flex translate-yes e-con e-child\" data-id=\"64d5920b\" data-element_type=\"container\" data-e-type=\"container\">\n\t\t\t\t<div class=\"elementor-element elementor-element-545137a elementor-align-left elementor-widget elementor-widget-button\" data-id=\"545137a\" data-element_type=\"widget\" data-e-type=\"widget\" data-widget_type=\"button.default\">\n\t\t\t\t<div class=\"elementor-widget-container\">\n\t\t\t\t\t\t\t\t\t<div class=\"elementor-button-wrapper\">\n\t\t\t\t\t<a class=\"elementor-button elementor-button-link elementor-size-sm\" href=\"https:\/\/innovatesummeracademy.com\/contact-us\/book-a-call\/\">\n\t\t\t\t\t\t<span class=\"elementor-button-content-wrapper\">\n\t\t\t\t\t\t\t\t\t<span class=\"elementor-button-text\">Book a call <\/span>\n\t\t\t\t\t<\/span>\n\t\t\t\t\t<\/a>\n\t\t\t\t<\/div>\n\t\t\t\t\t\t\t\t<\/div>\n\t\t\t\t<\/div>\n\t\t\t\t<div class=\"elementor-element elementor-element-7c327e2 elementor-align-left elementor-widget elementor-widget-button\" data-id=\"7c327e2\" data-element_type=\"widget\" data-e-type=\"widget\" data-widget_type=\"button.default\">\n\t\t\t\t<div class=\"elementor-widget-container\">\n\t\t\t\t\t\t\t\t\t<div class=\"elementor-button-wrapper\">\n\t\t\t\t\t<a class=\"elementor-button elementor-button-link elementor-size-sm\" href=\"https:\/\/innovatesummeracademy.com\/contact-us\/\">\n\t\t\t\t\t\t<span class=\"elementor-button-content-wrapper\">\n\t\t\t\t\t\t\t\t\t<span class=\"elementor-button-text\">Contact Us<\/span>\n\t\t\t\t\t<\/span>\n\t\t\t\t\t<\/a>\n\t\t\t\t<\/div>\n\t\t\t\t\t\t\t\t<\/div>\n\t\t\t\t<\/div>\n\t\t\t\t<\/div>\n\t\t\t\t<\/div>\n\t\t\t\t<\/div>\n\t\t\t\t<\/div>\n\t\t<div class=\"elementor-element elementor-element-38f38a68 e-con-full image-container e-flex translate-yes e-con e-child\" data-id=\"38f38a68\" data-element_type=\"container\" data-e-type=\"container\">\n\t\t\t\t<div class=\"elementor-element elementor-element-15654766 elementor-widget elementor-widget-image\" data-id=\"15654766\" data-element_type=\"widget\" data-e-type=\"widget\" data-widget_type=\"image.default\">\n\t\t\t\t<div class=\"elementor-widget-container\">\n\t\t\t\t\t\t\t\t\t\t\t\t\t\t\t<img decoding=\"async\" width=\"789\" height=\"1024\" src=\"https:\/\/innovatesummeracademy.com\/wp-content\/uploads\/sites\/11\/2025\/07\/innovate-half-tone-bw-1-789x1024.jpg\" class=\"attachment-large size-large wp-image-44560\" alt=\"\" srcset=\"https:\/\/innovatesummeracademy.com\/wp-content\/uploads\/sites\/11\/2025\/07\/innovate-half-tone-bw-1-789x1024.jpg 789w, https:\/\/innovatesummeracademy.com\/wp-content\/uploads\/sites\/11\/2025\/07\/innovate-half-tone-bw-1-231x300.jpg 231w, https:\/\/innovatesummeracademy.com\/wp-content\/uploads\/sites\/11\/2025\/07\/innovate-half-tone-bw-1-768x997.jpg 768w, https:\/\/innovatesummeracademy.com\/wp-content\/uploads\/sites\/11\/2025\/07\/innovate-half-tone-bw-1-9x12.jpg 9w, https:\/\/innovatesummeracademy.com\/wp-content\/uploads\/sites\/11\/2025\/07\/innovate-half-tone-bw-1.jpg 1000w\" sizes=\"(max-width: 789px) 100vw, 789px\" \/>\t\t\t\t\t\t\t\t\t\t\t\t\t\t\t<\/div>\n\t\t\t\t<\/div>\n\t\t\t\t<\/div>\n\t\t\t\t\t<\/div>\n\t\t\t\t<\/div>\n\t\t\t\t<\/div>\n\t\t","protected":false},"excerpt":{"rendered":"<p>Download our prospectus Complete the form below to download our 2026 Innovate Summer Academy prospectus and explore our programmes, learn more about our faculties and lecturers, and discover how we help our students turn their potential into excellence. Ready to get started? Get in touch Book a call with a member of our faculty or [&hellip;]<\/p>\n","protected":false},"author":21,"featured_media":0,"parent":0,"menu_order":0,"comment_status":"closed","ping_status":"closed","template":"","meta":{"_acf_changed":false,"footnotes":""},"class_list":["post-48037","page","type-page","status-publish","hentry"],"acf":[],"yoast_head":"<!-- This site is optimized with the Yoast SEO plugin v27.2 - https:\/\/yoast.com\/product\/yoast-seo-wordpress\/ -->\n<title>Download Prospectus - Innovate Summer Academy<\/title>\n<meta name=\"description\" content=\"Complete the form below to download our 2026 Innovate Summer Academy prospectus and explore our programmes.\" \/>\n<meta name=\"robots\" content=\"index, follow, max-snippet:-1, max-image-preview:large, max-video-preview:-1\" \/>\n<link rel=\"canonical\" href=\"https:\/\/innovatesummeracademy.com\/tr\/prospektusu-indir\/\" \/>\n<meta property=\"og:locale\" content=\"tr_TR\" \/>\n<meta property=\"og:type\" content=\"article\" \/>\n<meta property=\"og:title\" content=\"Download Prospectus - Innovate Summer Academy\" \/>\n<meta property=\"og:description\" content=\"Complete the form below to download our 2026 Innovate Summer Academy prospectus and explore our programmes.\" \/>\n<meta property=\"og:url\" content=\"https:\/\/innovatesummeracademy.com\/tr\/prospektusu-indir\/\" \/>\n<meta property=\"og:site_name\" content=\"Innovate Summer Academy\" \/>\n<meta property=\"article:modified_time\" content=\"2026-04-10T07:15:00+00:00\" \/>\n<meta property=\"og:image\" content=\"https:\/\/innovatesummeracademy.com\/wp-content\/uploads\/sites\/11\/2025\/11\/Screenshot-2025-11-28-at-15.23.57-729x1024.png\" \/>\n<meta name=\"twitter:card\" content=\"summary_large_image\" \/>\n<meta name=\"twitter:label1\" content=\"Tahmini okuma s\u00fcresi\" \/>\n\t<meta name=\"twitter:data1\" content=\"1 dakika\" \/>\n<script type=\"application\/ld+json\" class=\"yoast-schema-graph\">{\"@context\":\"https:\/\/schema.org\",\"@graph\":[{\"@type\":[\"WebPage\",\"ContactPage\"],\"@id\":\"https:\/\/innovatesummeracademy.com\/download-prospectus\/\",\"url\":\"https:\/\/innovatesummeracademy.com\/download-prospectus\/\",\"name\":\"Download Prospectus - Innovate Summer Academy\",\"isPartOf\":{\"@id\":\"https:\/\/innovatesummeracademy.com\/#website\"},\"primaryImageOfPage\":{\"@id\":\"https:\/\/innovatesummeracademy.com\/download-prospectus\/#primaryimage\"},\"image\":{\"@id\":\"https:\/\/innovatesummeracademy.com\/download-prospectus\/#primaryimage\"},\"thumbnailUrl\":\"https:\/\/innovatesummeracademy.com\/wp-content\/uploads\/sites\/11\/2025\/11\/Screenshot-2025-11-28-at-15.23.57-729x1024.png\",\"datePublished\":\"2025-11-28T15:48:04+00:00\",\"dateModified\":\"2026-04-10T07:15:00+00:00\",\"description\":\"Complete the form below to download our 2026 Innovate Summer Academy prospectus and explore our programmes.\",\"breadcrumb\":{\"@id\":\"https:\/\/innovatesummeracademy.com\/download-prospectus\/#breadcrumb\"},\"inLanguage\":\"tr\",\"potentialAction\":[{\"@type\":\"ReadAction\",\"target\":[\"https:\/\/innovatesummeracademy.com\/download-prospectus\/\"]}]},{\"@type\":\"ImageObject\",\"inLanguage\":\"tr\",\"@id\":\"https:\/\/innovatesummeracademy.com\/download-prospectus\/#primaryimage\",\"url\":\"https:\/\/innovatesummeracademy.com\/wp-content\/uploads\/sites\/11\/2025\/11\/Screenshot-2025-11-28-at-15.23.57-729x1024.png\",\"contentUrl\":\"https:\/\/innovatesummeracademy.com\/wp-content\/uploads\/sites\/11\/2025\/11\/Screenshot-2025-11-28-at-15.23.57-729x1024.png\"},{\"@type\":\"BreadcrumbList\",\"@id\":\"https:\/\/innovatesummeracademy.com\/download-prospectus\/#breadcrumb\",\"itemListElement\":[{\"@type\":\"ListItem\",\"position\":1,\"name\":\"Home\",\"item\":\"https:\/\/innovatesummeracademy.com\/\"},{\"@type\":\"ListItem\",\"position\":2,\"name\":\"Download Prospectus\"}]},{\"@type\":\"WebSite\",\"@id\":\"https:\/\/innovatesummeracademy.com\/#website\",\"url\":\"https:\/\/innovatesummeracademy.com\/\",\"name\":\"Innovate Summer Academy\",\"description\":\"\",\"potentialAction\":[{\"@type\":\"SearchAction\",\"target\":{\"@type\":\"EntryPoint\",\"urlTemplate\":\"https:\/\/innovatesummeracademy.com\/?s={search_term_string}\"},\"query-input\":{\"@type\":\"PropertyValueSpecification\",\"valueRequired\":true,\"valueName\":\"search_term_string\"}}],\"inLanguage\":\"tr\"}]}<\/script>\n<!-- \/ Yoast SEO plugin. -->","yoast_head_json":{"title":"Prospekt\u00fcs\u00fc \u0130ndirin - Innovate Yaz Akademisi","description":"2026 \u0130novasyon Yaz Akademisi tan\u0131t\u0131m bro\u015f\u00fcr\u00fcn\u00fc indirmek ve programlar\u0131m\u0131z\u0131 ke\u015ffetmek i\u00e7in a\u015fa\u011f\u0131daki formu doldurun.","robots":{"index":"index","follow":"follow","max-snippet":"max-snippet:-1","max-image-preview":"max-image-preview:large","max-video-preview":"max-video-preview:-1"},"canonical":"https:\/\/innovatesummeracademy.com\/tr\/prospektusu-indir\/","og_locale":"tr_TR","og_type":"article","og_title":"Download Prospectus - Innovate Summer Academy","og_description":"Complete the form below to download our 2026 Innovate Summer Academy prospectus and explore our programmes.","og_url":"https:\/\/innovatesummeracademy.com\/tr\/prospektusu-indir\/","og_site_name":"Innovate Summer Academy","article_modified_time":"2026-04-10T07:15:00+00:00","og_image":[{"url":"https:\/\/innovatesummeracademy.com\/wp-content\/uploads\/sites\/11\/2025\/11\/Screenshot-2025-11-28-at-15.23.57-729x1024.png","type":"","width":"","height":""}],"twitter_card":"summary_large_image","twitter_misc":{"Tahmini okuma s\u00fcresi":"1 dakika"},"schema":{"@context":"https:\/\/schema.org","@graph":[{"@type":["WebPage","ContactPage"],"@id":"https:\/\/innovatesummeracademy.com\/download-prospectus\/","url":"https:\/\/innovatesummeracademy.com\/download-prospectus\/","name":"Prospekt\u00fcs\u00fc \u0130ndirin - Innovate Yaz Akademisi","isPartOf":{"@id":"https:\/\/innovatesummeracademy.com\/#website"},"primaryImageOfPage":{"@id":"https:\/\/innovatesummeracademy.com\/download-prospectus\/#primaryimage"},"image":{"@id":"https:\/\/innovatesummeracademy.com\/download-prospectus\/#primaryimage"},"thumbnailUrl":"https:\/\/innovatesummeracademy.com\/wp-content\/uploads\/sites\/11\/2025\/11\/Screenshot-2025-11-28-at-15.23.57-729x1024.png","datePublished":"2025-11-28T15:48:04+00:00","dateModified":"2026-04-10T07:15:00+00:00","description":"2026 \u0130novasyon Yaz Akademisi tan\u0131t\u0131m bro\u015f\u00fcr\u00fcn\u00fc indirmek ve programlar\u0131m\u0131z\u0131 ke\u015ffetmek i\u00e7in a\u015fa\u011f\u0131daki formu doldurun.","breadcrumb":{"@id":"https:\/\/innovatesummeracademy.com\/download-prospectus\/#breadcrumb"},"inLanguage":"tr","potentialAction":[{"@type":"ReadAction","target":["https:\/\/innovatesummeracademy.com\/download-prospectus\/"]}]},{"@type":"ImageObject","inLanguage":"tr","@id":"https:\/\/innovatesummeracademy.com\/download-prospectus\/#primaryimage","url":"https:\/\/innovatesummeracademy.com\/wp-content\/uploads\/sites\/11\/2025\/11\/Screenshot-2025-11-28-at-15.23.57-729x1024.png","contentUrl":"https:\/\/innovatesummeracademy.com\/wp-content\/uploads\/sites\/11\/2025\/11\/Screenshot-2025-11-28-at-15.23.57-729x1024.png"},{"@type":"BreadcrumbList","@id":"https:\/\/innovatesummeracademy.com\/download-prospectus\/#breadcrumb","itemListElement":[{"@type":"ListItem","position":1,"name":"Home","item":"https:\/\/innovatesummeracademy.com\/"},{"@type":"ListItem","position":2,"name":"Download Prospectus"}]},{"@type":"WebSite","@id":"https:\/\/innovatesummeracademy.com\/#website","url":"https:\/\/innovatesummeracademy.com\/","name":"Innovate Yaz Akademisi","description":"","potentialAction":[{"@type":"SearchAction","target":{"@type":"EntryPoint","urlTemplate":"https:\/\/innovatesummeracademy.com\/?s={search_term_string}"},"query-input":{"@type":"PropertyValueSpecification","valueRequired":true,"valueName":"search_term_string"}}],"inLanguage":"tr"}]}},"_links":{"self":[{"href":"https:\/\/innovatesummeracademy.com\/tr\/wp-json\/wp\/v2\/pages\/48037","targetHints":{"allow":["GET"]}}],"collection":[{"href":"https:\/\/innovatesummeracademy.com\/tr\/wp-json\/wp\/v2\/pages"}],"about":[{"href":"https:\/\/innovatesummeracademy.com\/tr\/wp-json\/wp\/v2\/types\/page"}],"author":[{"embeddable":true,"href":"https:\/\/innovatesummeracademy.com\/tr\/wp-json\/wp\/v2\/users\/21"}],"replies":[{"embeddable":true,"href":"https:\/\/innovatesummeracademy.com\/tr\/wp-json\/wp\/v2\/comments?post=48037"}],"version-history":[{"count":43,"href":"https:\/\/innovatesummeracademy.com\/tr\/wp-json\/wp\/v2\/pages\/48037\/revisions"}],"predecessor-version":[{"id":48311,"href":"https:\/\/innovatesummeracademy.com\/tr\/wp-json\/wp\/v2\/pages\/48037\/revisions\/48311"}],"wp:attachment":[{"href":"https:\/\/innovatesummeracademy.com\/tr\/wp-json\/wp\/v2\/media?parent=48037"}],"curies":[{"name":"wp","href":"https:\/\/api.w.org\/{rel}","templated":true}]}}