{"id":45465,"date":"2025-08-21T05:59:37","date_gmt":"2025-08-21T05:59:37","guid":{"rendered":"https:\/\/innovate.novagram.com\/?page_id=45465"},"modified":"2026-04-23T06:20:02","modified_gmt":"2026-04-23T06:20:02","slug":"contacto","status":"publish","type":"page","link":"https:\/\/innovatesummeracademy.com\/es_mx\/contact-us\/","title":{"rendered":"P\u00f3ngase en contacto con nosotros"},"content":{"rendered":"\t\t<div data-elementor-type=\"wp-page\" data-elementor-id=\"45465\" class=\"elementor elementor-45465\" data-elementor-post-type=\"page\">\n\t\t\t\t<div class=\"elementor-element elementor-element-65a43be2 form-booking e-flex e-con-boxed translate-yes e-con e-parent\" data-id=\"65a43be2\" data-element_type=\"container\" data-e-type=\"container\" data-settings=\"{&quot;background_background&quot;:&quot;classic&quot;}\">\n\t\t\t\t\t<div class=\"e-con-inner\">\n\t\t\t\t<div class=\"elementor-element elementor-element-0c01230 elementor-widget elementor-widget-spacer\" data-id=\"0c01230\" data-element_type=\"widget\" data-e-type=\"widget\" data-widget_type=\"spacer.default\">\n\t\t\t\t<div class=\"elementor-widget-container\">\n\t\t\t\t\t\t\t<div class=\"elementor-spacer\">\n\t\t\t<div class=\"elementor-spacer-inner\"><\/div>\n\t\t<\/div>\n\t\t\t\t\t\t<\/div>\n\t\t\t\t<\/div>\n\t\t<div class=\"elementor-element elementor-element-307ba4f6 e-grid e-con-full translate-yes e-con e-child\" data-id=\"307ba4f6\" data-element_type=\"container\" data-e-type=\"container\">\n\t\t\t\t<div class=\"elementor-element elementor-element-64d35521 elementor-widget__width-initial elementor-widget elementor-widget-heading\" data-id=\"64d35521\" data-element_type=\"widget\" data-e-type=\"widget\" data-widget_type=\"heading.default\">\n\t\t\t\t<div class=\"elementor-widget-container\">\n\t\t\t\t\t<h1 class=\"elementor-heading-title elementor-size-default\">Speak to our team<\/h1>\t\t\t\t<\/div>\n\t\t\t\t<\/div>\n\t\t\t\t<\/div>\n\t\t<div class=\"elementor-element elementor-element-679fedfd e-grid e-con-full translate-yes e-con e-child\" data-id=\"679fedfd\" data-element_type=\"container\" data-e-type=\"container\">\n\t\t\t\t<div class=\"elementor-element elementor-element-74f5cb1a shape-layer elementor-hidden-tablet elementor-hidden-mobile elementor-widget elementor-widget-html\" data-id=\"74f5cb1a\" data-element_type=\"widget\" data-e-type=\"widget\" data-settings=\"{&quot;motion_fx_motion_fx_scrolling&quot;:&quot;yes&quot;,&quot;motion_fx_translateY_effect&quot;:&quot;yes&quot;,&quot;motion_fx_translateY_speed&quot;:{&quot;unit&quot;:&quot;px&quot;,&quot;size&quot;:2,&quot;sizes&quot;:[]},&quot;motion_fx_devices&quot;:[&quot;desktop&quot;],&quot;motion_fx_translateY_affectedRange&quot;:{&quot;unit&quot;:&quot;%&quot;,&quot;size&quot;:&quot;&quot;,&quot;sizes&quot;:{&quot;start&quot;:0,&quot;end&quot;:100}}}\" data-widget_type=\"html.default\">\n\t\t\t\t<div class=\"elementor-widget-container\">\n\t\t\t\t\t<svg width=\"252\" height=\"636\" viewBox=\"0 0 252 636\" fill=\"none\" xmlns=\"http:\/\/www.w3.org\/2000\/svg\">\n<path d=\"M0 84.9656L138 0V169.499L0 249V84.9656Z\" fill=\"#F3F1EE\"\/>\n<path d=\"M252 337.576L0 183V491.366L252 636V337.576Z\" fill=\"#9C5AFF\"\/>\n<\/svg>\n\t\t\t\t<\/div>\n\t\t\t\t<\/div>\n\t\t<div class=\"elementor-element elementor-element-274a00ad e-con-full e-flex translate-yes e-con e-child\" data-id=\"274a00ad\" data-element_type=\"container\" data-e-type=\"container\">\n\t\t\t\t<div class=\"elementor-element elementor-element-2da653e6 elementor-widget elementor-widget-text-editor\" data-id=\"2da653e6\" data-element_type=\"widget\" data-e-type=\"widget\" data-widget_type=\"text-editor.default\">\n\t\t\t\t<div class=\"elementor-widget-container\">\n\t\t\t\t\t\t\t\t\t<p>Complete the form below and our team will get back to you as soon as possible.<\/p>\t\t\t\t\t\t\t\t<\/div>\n\t\t\t\t<\/div>\n\t\t\t\t<\/div>\n\t\t<div class=\"elementor-element elementor-element-57f5cf41 e-con-full e-flex translate-yes e-con e-child\" data-id=\"57f5cf41\" data-element_type=\"container\" data-e-type=\"container\">\n\t\t\t\t<div class=\"elementor-element elementor-element-2416e279 elementor-widget elementor-widget-text-editor\" data-id=\"2416e279\" data-element_type=\"widget\" data-e-type=\"widget\" data-widget_type=\"text-editor.default\">\n\t\t\t\t<div class=\"elementor-widget-container\">\n\t\t\t\t\t\t\t\t\t<p>Please complete the form in English.<\/p>\t\t\t\t\t\t\t\t<\/div>\n\t\t\t\t<\/div>\n\t\t\t\t<div class=\"elementor-element elementor-element-648dea8e elementor-widget elementor-widget-wpforms\" data-id=\"648dea8e\" data-element_type=\"widget\" data-e-type=\"widget\" data-widget_type=\"wpforms.default\">\n\t\t\t\t<div class=\"elementor-widget-container\">\n\t\t\t\t\t<div class=\"wpforms-container wpforms-container-full wpforms-render-modern\" id=\"wpforms-20373\"><form id=\"wpforms-form-20373\" class=\"wpforms-validate wpforms-form wpforms-ajax-form\" data-formid=\"20373\" method=\"post\" enctype=\"multipart\/form-data\" action=\"\/es_mx\/wp-json\/wp\/v2\/pages\/45465\" data-token=\"ce5dfd80067a77434a15728c3ce9f633\" data-token-time=\"1777037037\"><noscript class=\"wpforms-error-noscript\">Por favor, activa JavaScript en tu navegador para completar este formulario.<\/noscript><div id=\"wpforms-error-noscript\" style=\"display: none;\">Por favor, activa JavaScript en tu navegador para completar este formulario.<\/div><div class=\"wpforms-field-container\"><div id=\"wpforms-20373-field_1-container\" class=\"wpforms-field wpforms-field-text\" data-field-id=\"1\"><label class=\"wpforms-field-label\" for=\"wpforms-20373-field_1\">First name <span class=\"wpforms-required-label\" aria-hidden=\"true\">*<\/span><\/label><input type=\"text\" id=\"wpforms-20373-field_1\" class=\"wpforms-field-medium wpforms-field-required\" name=\"wpforms[fields][1]\" aria-errormessage=\"wpforms-20373-field_1-error\" required><\/div><div id=\"wpforms-20373-field_2-container\" class=\"wpforms-field wpforms-field-text\" data-field-id=\"2\"><label class=\"wpforms-field-label\" for=\"wpforms-20373-field_2\">Last name <span class=\"wpforms-required-label\" aria-hidden=\"true\">*<\/span><\/label><input type=\"text\" id=\"wpforms-20373-field_2\" class=\"wpforms-field-medium wpforms-field-required\" name=\"wpforms[fields][2]\" aria-errormessage=\"wpforms-20373-field_2-error\" required><\/div><div id=\"wpforms-20373-field_4-container\" class=\"wpforms-field wpforms-field-email\" data-field-id=\"4\"><label class=\"wpforms-field-label\" for=\"wpforms-20373-field_4\">Email address <span class=\"wpforms-required-label\" aria-hidden=\"true\">*<\/span><\/label><input type=\"email\" id=\"wpforms-20373-field_4\" class=\"wpforms-field-medium wpforms-field-required\" name=\"wpforms[fields][4]\" spellcheck=\"false\" aria-errormessage=\"wpforms-20373-field_4-error\" required><\/div><div id=\"wpforms-20373-field_5-container\" class=\"wpforms-field wpforms-field-phone\" data-field-id=\"5\"><label class=\"wpforms-field-label\" for=\"wpforms-20373-field_5\">Contact number <span class=\"wpforms-required-label\" aria-hidden=\"true\">*<\/span><\/label><input type=\"tel\" id=\"wpforms-20373-field_5\" class=\"wpforms-field-medium wpforms-field-required wpforms-smart-phone-field\" data-rule-smart-phone-field=\"true\" name=\"wpforms[fields][5]\" aria-label=\"Contact number\" aria-errormessage=\"wpforms-20373-field_5-error\" required><\/div><div id=\"wpforms-20373-field_37-container\" class=\"wpforms-field wpforms-field-checkbox\" data-field-id=\"37\"><fieldset><legend class=\"wpforms-field-label\">Which dates are you interested in? <span class=\"wpforms-required-label\" aria-hidden=\"true\">*<\/span><\/legend><ul id=\"wpforms-20373-field_37\" class=\"wpforms-field-required\"><li class=\"choice-1 depth-1\"><input type=\"checkbox\" id=\"wpforms-20373-field_37_1\" name=\"wpforms[fields][37][]\" value=\"9 July 2026 \u2013 23 July 2026\" aria-errormessage=\"wpforms-20373-field_37_1-error\" required ><label class=\"wpforms-field-label-inline\" for=\"wpforms-20373-field_37_1\">9 July 2026 \u2013 23 July 2026<\/label><\/li><li class=\"choice-2 depth-1\"><input type=\"checkbox\" id=\"wpforms-20373-field_37_2\" name=\"wpforms[fields][37][]\" value=\"23 July 2026 \u2013 6 August 2026\" aria-errormessage=\"wpforms-20373-field_37_2-error\" required ><label class=\"wpforms-field-label-inline\" for=\"wpforms-20373-field_37_2\">23 July 2026 \u2013 6 August 2026<\/label><\/li><li class=\"choice-3 depth-1\"><input type=\"checkbox\" id=\"wpforms-20373-field_37_3\" name=\"wpforms[fields][37][]\" value=\"6 August 2026 \u2013 20 August 2026\" aria-errormessage=\"wpforms-20373-field_37_3-error\" required ><label class=\"wpforms-field-label-inline\" for=\"wpforms-20373-field_37_3\">6 August 2026 \u2013 20 August 2026<\/label><\/li><\/ul><\/fieldset><\/div><div id=\"wpforms-20373-field_22-container\" class=\"wpforms-field wpforms-field-textarea\" data-field-id=\"22\"><label class=\"wpforms-field-label\" for=\"wpforms-20373-field_22\">Messages, comments, or special requirements <span class=\"wpforms-required-label\" aria-hidden=\"true\">*<\/span><\/label><textarea id=\"wpforms-20373-field_22\" class=\"wpforms-field-medium wpforms-field-required\" name=\"wpforms[fields][22]\" aria-errormessage=\"wpforms-20373-field_22-error\" required><\/textarea><\/div>\t\t<div id=\"wpforms-20373-field_3-container\"\n\t\t\tclass=\"wpforms-field wpforms-field-text\"\n\t\t\tdata-field-type=\"text\"\n\t\t\tdata-field-id=\"3\"\n\t\t\t>\n\t\t\t<label class=\"wpforms-field-label\" for=\"wpforms-20373-field_3\" >Storage and consent<\/label>\n\t\t\t<input type=\"text\" id=\"wpforms-20373-field_3\" class=\"wpforms-field-medium\" name=\"wpforms[fields][3]\" >\n\t\t<\/div>\n\t\t<div id=\"wpforms-20373-field_38-container\" class=\"wpforms-field wpforms-field-select wpforms-field-select-style-modern\" data-field-id=\"38\"><label class=\"wpforms-field-label\" for=\"wpforms-20373-field_38\">How did you hear about us?<\/label><select id=\"wpforms-20373-field_38\" class=\"wpforms-field-medium choicesjs-select\" data-size-class=\"wpforms-field-row wpforms-field-medium\" data-search-enabled=\"\" name=\"wpforms[fields][38]\"><option value=\"\" class=\"placeholder\" disabled  selected='selected'><\/option><option value=\"Social media\"  class=\"choice-1 depth-1\"  >Social media<\/option><option value=\"Google\"  class=\"choice-2 depth-1\"  >Google<\/option><option value=\"AI search\"  class=\"choice-3 depth-1\"  >AI search<\/option><option value=\"Third party website\"  class=\"choice-4 depth-1\"  >Third party website<\/option><option value=\"Friend or family\"  class=\"choice-5 depth-1\"  >Friend or family<\/option><option value=\"Agent\"  class=\"choice-6 depth-1\"  >Agent<\/option><\/select><\/div><div id=\"wpforms-20373-field_26-container\" class=\"wpforms-field wpforms-field-layout\" data-field-id=\"26\"><div class=\"wpforms-field-layout-rows wpforms-field-large\"><div class=\"wpforms-layout-row\"><div class=\"wpforms-layout-column wpforms-layout-column-100\"><div id=\"wpforms-20373-field_23-container\" class=\"wpforms-field wpforms-field-checkbox\" data-field-id=\"23\"><fieldset><legend class=\"wpforms-field-label wpforms-label-hide\" aria-hidden=\"false\">Information Storage <span class=\"wpforms-required-label\" aria-hidden=\"true\">*<\/span><\/legend><ul id=\"wpforms-20373-field_23\" class=\"wpforms-field-required\"><li class=\"choice-1 depth-1\"><input type=\"checkbox\" id=\"wpforms-20373-field_23_1\" name=\"wpforms[fields][23][]\" value=\"I consent to Innovate Summer Academy  storing this information and contacting me using the details I&#039;ve provided*\" aria-errormessage=\"wpforms-20373-field_23_1-error\" required ><label class=\"wpforms-field-label-inline\" for=\"wpforms-20373-field_23_1\">I consent to Innovate Summer Academy  storing this information and contacting me using the details I've provided*<\/label><\/li><\/ul><\/fieldset><\/div><\/div><\/div><div class=\"wpforms-layout-row\"><div class=\"wpforms-layout-column wpforms-layout-column-100\"><div id=\"wpforms-20373-field_24-container\" class=\"wpforms-field wpforms-field-checkbox\" data-field-id=\"24\"><fieldset><legend class=\"wpforms-field-label wpforms-label-hide\" aria-hidden=\"false\">Terms and conditions <span class=\"wpforms-required-label\" aria-hidden=\"true\">*<\/span><\/legend><ul id=\"wpforms-20373-field_24\" class=\"wpforms-field-required\"><li class=\"choice-1 depth-1\"><input type=\"checkbox\" id=\"wpforms-20373-field_24_1\" name=\"wpforms[fields][24][]\" value=\"I confirm that I have read and agree to the &lt;a href=&quot;https:\/\/innovatesummeracademy.com\/terms-and-conditions\/&quot; target=&quot;_blank&quot;&gt;Terms and Conditions&lt;\/a&gt;*\" aria-errormessage=\"wpforms-20373-field_24_1-error\" required ><label class=\"wpforms-field-label-inline\" for=\"wpforms-20373-field_24_1\">I confirm that I have read and agree to the <a href=\"https:\/\/innovatesummeracademy.com\/terms-and-conditions\/\" target=\"_blank\">Terms and Conditions<\/a>*<\/label><\/li><\/ul><\/fieldset><\/div><\/div><\/div><div class=\"wpforms-layout-row\"><div class=\"wpforms-layout-column wpforms-layout-column-100\"><div id=\"wpforms-20373-field_25-container\" class=\"wpforms-field wpforms-field-checkbox\" data-field-id=\"25\"><fieldset><legend class=\"wpforms-field-label wpforms-label-hide\" aria-hidden=\"false\">Marketing consent<\/legend><ul id=\"wpforms-20373-field_25\"><li class=\"choice-3 depth-1\"><input type=\"checkbox\" id=\"wpforms-20373-field_25_3\" name=\"wpforms[fields][25][]\" value=\"I would like Innovate Summer Academy to contact me with special offers, new courses and updates.\" aria-errormessage=\"wpforms-20373-field_25_3-error\"  ><label class=\"wpforms-field-label-inline\" for=\"wpforms-20373-field_25_3\">I would like Innovate Summer Academy to contact me with special offers, new courses and updates.<\/label><\/li><\/ul><\/fieldset><\/div><\/div><\/div><\/div><\/div><script>\n\t\t\t\t( function() {\n\t\t\t\t\tconst style = document.createElement( 'style' );\n\t\t\t\t\tstyle.appendChild( document.createTextNode( '#wpforms-20373-field_3-container { position: absolute !important; overflow: hidden !important; display: inline !important; height: 1px !important; width: 1px !important; z-index: -1000 !important; padding: 0 !important; } #wpforms-20373-field_3-container input { visibility: hidden; } #wpforms-conversational-form-page #wpforms-20373-field_3-container label { counter-increment: none; }' ) );\n\t\t\t\t\tdocument.head.appendChild( style );\n\t\t\t\t\tdocument.currentScript?.remove();\n\t\t\t\t} )();\n\t\t\t<\/script><\/div><!-- .wpforms-field-container --><div class=\"wpforms-recaptcha-container wpforms-is-recaptcha wpforms-is-recaptcha-type-v2\" ><div class=\"g-recaptcha\" data-sitekey=\"6LfBnLQrAAAAAL6-fcTxlSiJowAVLIUoymTQaCod\"><\/div><input type=\"text\" name=\"g-recaptcha-hidden\" class=\"wpforms-recaptcha-hidden\" style=\"position:absolute!important;clip:rect(0,0,0,0)!important;height:1px!important;width:1px!important;border:0!important;overflow:hidden!important;padding:0!important;margin:0!important;\" data-rule-recaptcha=\"1\"><\/div><div class=\"wpforms-submit-container\" ><input type=\"hidden\" name=\"wpforms[id]\" value=\"20373\"><input type=\"hidden\" name=\"page_title\" value=\"\"><input type=\"hidden\" name=\"page_url\" value=\"https:\/\/innovatesummeracademy.com\/es_mx\/wp-json\/wp\/v2\/pages\/45465\"><input type=\"hidden\" name=\"url_referer\" value=\"\"><button type=\"submit\" name=\"wpforms[submit]\" id=\"wpforms-submit-20373\" class=\"wpforms-submit\" data-alt-text=\"Sending...\" data-submit-text=\"Submit\" aria-live=\"assertive\" value=\"wpforms-submit\">Submit<\/button><img decoding=\"async\" src=\"https:\/\/innovatesummeracademy.com\/wp-content\/plugins\/wpforms\/assets\/images\/submit-spin.svg\" class=\"wpforms-submit-spinner\" style=\"display: none;\" width=\"26\" height=\"26\" alt=\"Cargando\"><\/div><\/form><\/div>  <!-- .wpforms-container -->\t\t\t\t<\/div>\n\t\t\t\t<\/div>\n\t\t\t\t<\/div>\n\t\t\t\t<\/div>\n\t\t\t\t\t<\/div>\n\t\t\t\t<\/div>\n\t\t<div class=\"elementor-element elementor-element-5edce47 e-flex e-con-boxed translate-yes e-con e-parent\" data-id=\"5edce47\" data-element_type=\"container\" data-e-type=\"container\">\n\t\t\t\t\t<div class=\"e-con-inner\">\n\t\t\t\t\t<\/div>\n\t\t\t\t<\/div>\n\t\t\t\t<\/div>\n\t\t","protected":false},"excerpt":{"rendered":"<p>Speak to our team Complete the form below and our team will get back to you as soon as possible. Please complete the form in English. Please enable JavaScript in your browser to complete this form.Please enable JavaScript in your browser to complete this form.First name *Last name *Email address *Contact number * Which dates [&hellip;]<\/p>\n","protected":false},"author":27,"featured_media":0,"parent":0,"menu_order":0,"comment_status":"closed","ping_status":"closed","template":"","meta":{"_acf_changed":false,"footnotes":""},"class_list":["post-45465","page","type-page","status-publish","hentry"],"acf":[],"yoast_head":"<!-- This site is optimized with the Yoast SEO plugin v27.2 - https:\/\/yoast.com\/product\/yoast-seo-wordpress\/ -->\n<title>Contact us - Innovate Summer Academy<\/title>\n<meta name=\"description\" content=\"Get in touch to find out more about our expert led junior summer programmes in London, hosted at UCL and lead by industry leading professors.\" \/>\n<meta name=\"robots\" content=\"index, follow, max-snippet:-1, max-image-preview:large, max-video-preview:-1\" \/>\n<link rel=\"canonical\" href=\"https:\/\/innovatesummeracademy.com\/es_mx\/contacto\/\" \/>\n<meta property=\"og:locale\" content=\"es_MX\" \/>\n<meta property=\"og:type\" content=\"article\" \/>\n<meta property=\"og:title\" content=\"Contact us - Innovate Summer Academy\" \/>\n<meta property=\"og:description\" content=\"Get in touch to find out more about our expert led junior summer programmes in London, hosted at UCL and lead by industry leading professors.\" \/>\n<meta property=\"og:url\" content=\"https:\/\/innovatesummeracademy.com\/es_mx\/contacto\/\" \/>\n<meta property=\"og:site_name\" content=\"Innovate Summer Academy\" \/>\n<meta property=\"article:modified_time\" content=\"2026-04-23T06:20:02+00:00\" \/>\n<meta property=\"og:image\" content=\"https:\/\/innovatesummeracademy.com\/wp-content\/plugins\/wpforms\/assets\/images\/submit-spin.svg\" \/>\n<meta name=\"twitter:card\" content=\"summary_large_image\" \/>\n<meta name=\"twitter:label1\" content=\"Tiempo de lectura\" \/>\n\t<meta name=\"twitter:data1\" content=\"1 minuto\" \/>\n<script type=\"application\/ld+json\" class=\"yoast-schema-graph\">{\"@context\":\"https:\/\/schema.org\",\"@graph\":[{\"@type\":[\"WebPage\",\"ContactPage\"],\"@id\":\"https:\/\/innovatesummeracademy.com\/contact-us\/\",\"url\":\"https:\/\/innovatesummeracademy.com\/contact-us\/\",\"name\":\"Contact us - Innovate Summer Academy\",\"isPartOf\":{\"@id\":\"https:\/\/innovatesummeracademy.com\/#website\"},\"primaryImageOfPage\":{\"@id\":\"https:\/\/innovatesummeracademy.com\/contact-us\/#primaryimage\"},\"image\":{\"@id\":\"https:\/\/innovatesummeracademy.com\/contact-us\/#primaryimage\"},\"thumbnailUrl\":\"https:\/\/innovatesummeracademy.com\/wp-content\/plugins\/wpforms\/assets\/images\/submit-spin.svg\",\"datePublished\":\"2025-08-21T05:59:37+00:00\",\"dateModified\":\"2026-04-23T06:20:02+00:00\",\"description\":\"Get in touch to find out more about our expert led junior summer programmes in London, hosted at UCL and lead by industry leading professors.\",\"breadcrumb\":{\"@id\":\"https:\/\/innovatesummeracademy.com\/contact-us\/#breadcrumb\"},\"inLanguage\":\"es\",\"potentialAction\":[{\"@type\":\"ReadAction\",\"target\":[\"https:\/\/innovatesummeracademy.com\/contact-us\/\"]}]},{\"@type\":\"ImageObject\",\"inLanguage\":\"es\",\"@id\":\"https:\/\/innovatesummeracademy.com\/contact-us\/#primaryimage\",\"url\":\"https:\/\/innovatesummeracademy.com\/wp-content\/plugins\/wpforms\/assets\/images\/submit-spin.svg\",\"contentUrl\":\"https:\/\/innovatesummeracademy.com\/wp-content\/plugins\/wpforms\/assets\/images\/submit-spin.svg\"},{\"@type\":\"BreadcrumbList\",\"@id\":\"https:\/\/innovatesummeracademy.com\/contact-us\/#breadcrumb\",\"itemListElement\":[{\"@type\":\"ListItem\",\"position\":1,\"name\":\"Home\",\"item\":\"https:\/\/innovatesummeracademy.com\/\"},{\"@type\":\"ListItem\",\"position\":2,\"name\":\"Contact us\"}]},{\"@type\":\"WebSite\",\"@id\":\"https:\/\/innovatesummeracademy.com\/#website\",\"url\":\"https:\/\/innovatesummeracademy.com\/\",\"name\":\"Innovate Summer Academy\",\"description\":\"\",\"potentialAction\":[{\"@type\":\"SearchAction\",\"target\":{\"@type\":\"EntryPoint\",\"urlTemplate\":\"https:\/\/innovatesummeracademy.com\/?s={search_term_string}\"},\"query-input\":{\"@type\":\"PropertyValueSpecification\",\"valueRequired\":true,\"valueName\":\"search_term_string\"}}],\"inLanguage\":\"es\"}]}<\/script>\n<!-- \/ Yoast SEO plugin. -->","yoast_head_json":{"title":"Cont\u00e1ctenos - Innovate Summer Academy","description":"P\u00f3ngase en contacto con nosotros para obtener m\u00e1s informaci\u00f3n sobre nuestros programas de verano para j\u00f3venes dirigidos por expertos en Londres, que se celebran en la UCL y est\u00e1n dirigidos por profesores l\u00edderes del sector.","robots":{"index":"index","follow":"follow","max-snippet":"max-snippet:-1","max-image-preview":"max-image-preview:large","max-video-preview":"max-video-preview:-1"},"canonical":"https:\/\/innovatesummeracademy.com\/es_mx\/contacto\/","og_locale":"es_MX","og_type":"article","og_title":"Contact us - Innovate Summer Academy","og_description":"Get in touch to find out more about our expert led junior summer programmes in London, hosted at UCL and lead by industry leading professors.","og_url":"https:\/\/innovatesummeracademy.com\/es_mx\/contacto\/","og_site_name":"Innovate Summer Academy","article_modified_time":"2026-04-23T06:20:02+00:00","og_image":[{"url":"https:\/\/innovatesummeracademy.com\/wp-content\/plugins\/wpforms\/assets\/images\/submit-spin.svg","type":"","width":"","height":""}],"twitter_card":"summary_large_image","twitter_misc":{"Tiempo de lectura":"1 minuto"},"schema":{"@context":"https:\/\/schema.org","@graph":[{"@type":["WebPage","ContactPage"],"@id":"https:\/\/innovatesummeracademy.com\/contact-us\/","url":"https:\/\/innovatesummeracademy.com\/contact-us\/","name":"Cont\u00e1ctenos - Innovate Summer Academy","isPartOf":{"@id":"https:\/\/innovatesummeracademy.com\/#website"},"primaryImageOfPage":{"@id":"https:\/\/innovatesummeracademy.com\/contact-us\/#primaryimage"},"image":{"@id":"https:\/\/innovatesummeracademy.com\/contact-us\/#primaryimage"},"thumbnailUrl":"https:\/\/innovatesummeracademy.com\/wp-content\/plugins\/wpforms\/assets\/images\/submit-spin.svg","datePublished":"2025-08-21T05:59:37+00:00","dateModified":"2026-04-23T06:20:02+00:00","description":"P\u00f3ngase en contacto con nosotros para obtener m\u00e1s informaci\u00f3n sobre nuestros programas de verano para j\u00f3venes dirigidos por expertos en Londres, que se celebran en la UCL y est\u00e1n dirigidos por profesores l\u00edderes del sector.","breadcrumb":{"@id":"https:\/\/innovatesummeracademy.com\/contact-us\/#breadcrumb"},"inLanguage":"es","potentialAction":[{"@type":"ReadAction","target":["https:\/\/innovatesummeracademy.com\/contact-us\/"]}]},{"@type":"ImageObject","inLanguage":"es","@id":"https:\/\/innovatesummeracademy.com\/contact-us\/#primaryimage","url":"https:\/\/innovatesummeracademy.com\/wp-content\/plugins\/wpforms\/assets\/images\/submit-spin.svg","contentUrl":"https:\/\/innovatesummeracademy.com\/wp-content\/plugins\/wpforms\/assets\/images\/submit-spin.svg"},{"@type":"BreadcrumbList","@id":"https:\/\/innovatesummeracademy.com\/contact-us\/#breadcrumb","itemListElement":[{"@type":"ListItem","position":1,"name":"Home","item":"https:\/\/innovatesummeracademy.com\/"},{"@type":"ListItem","position":2,"name":"Contact us"}]},{"@type":"WebSite","@id":"https:\/\/innovatesummeracademy.com\/#website","url":"https:\/\/innovatesummeracademy.com\/","name":"Academia de verano Innovate","description":"","potentialAction":[{"@type":"SearchAction","target":{"@type":"EntryPoint","urlTemplate":"https:\/\/innovatesummeracademy.com\/?s={search_term_string}"},"query-input":{"@type":"PropertyValueSpecification","valueRequired":true,"valueName":"search_term_string"}}],"inLanguage":"es"}]}},"_links":{"self":[{"href":"https:\/\/innovatesummeracademy.com\/es_mx\/wp-json\/wp\/v2\/pages\/45465","targetHints":{"allow":["GET"]}}],"collection":[{"href":"https:\/\/innovatesummeracademy.com\/es_mx\/wp-json\/wp\/v2\/pages"}],"about":[{"href":"https:\/\/innovatesummeracademy.com\/es_mx\/wp-json\/wp\/v2\/types\/page"}],"author":[{"embeddable":true,"href":"https:\/\/innovatesummeracademy.com\/es_mx\/wp-json\/wp\/v2\/users\/27"}],"replies":[{"embeddable":true,"href":"https:\/\/innovatesummeracademy.com\/es_mx\/wp-json\/wp\/v2\/comments?post=45465"}],"version-history":[{"count":35,"href":"https:\/\/innovatesummeracademy.com\/es_mx\/wp-json\/wp\/v2\/pages\/45465\/revisions"}],"predecessor-version":[{"id":49717,"href":"https:\/\/innovatesummeracademy.com\/es_mx\/wp-json\/wp\/v2\/pages\/45465\/revisions\/49717"}],"wp:attachment":[{"href":"https:\/\/innovatesummeracademy.com\/es_mx\/wp-json\/wp\/v2\/media?parent=45465"}],"curies":[{"name":"wp","href":"https:\/\/api.w.org\/{rel}","templated":true}]}}